{"id":3,"date":"2024-09-14T17:43:48","date_gmt":"2024-09-14T17:43:48","guid":{"rendered":"https:\/\/www.elfik.radom.pl\/?page_id=3"},"modified":"2024-10-08T14:30:07","modified_gmt":"2024-10-08T14:30:07","slug":"polityka-prywatnosci","status":"publish","type":"page","link":"https:\/\/www.elfik.radom.pl\/?page_id=3","title":{"rendered":"Polityka-prywatno\u015bci"},"content":{"rendered":"\t\t<div data-elementor-type=\"wp-page\" data-elementor-id=\"3\" class=\"elementor elementor-3\">\n\t\t\t\t<div class=\"elementor-element elementor-element-1ced1a8 e-flex e-con-boxed e-con e-parent\" data-id=\"1ced1a8\" data-element_type=\"container\" data-e-type=\"container\">\n\t\t\t\t\t<div class=\"e-con-inner\">\n\t\t\t\t<div class=\"elementor-element elementor-element-2ebd104a elementor-widget elementor-widget-text-editor\" data-id=\"2ebd104a\" data-element_type=\"widget\" data-e-type=\"widget\" data-widget_type=\"text-editor.default\">\n\t\t\t\t<div class=\"elementor-widget-container\">\n\t\t\t\t\t\t\t\t\t\n<h2 class=\"wp-block-heading\"><strong>Polityka Prywatno\u015bci<\/strong><\/h2>\n<h3>Kim jeste\u015bmy<\/h3>\n<p>Adres naszej strony to: <a href=\"https:\/\/www.elfik.radom.pl\" target=\"_new\" rel=\"noopener\">https:\/\/www.elfik.radom.pl<\/a>.<\/p>\n<h3>Komentarze<\/h3>\n<p>Kiedy odwiedzaj\u0105cy zostawiaj\u0105 komentarze na stronie, zbieramy dane pokazane w formularzu komentarza, a tak\u017ce adres IP i ci\u0105g identyfikacyjny przegl\u0105darki w celu wykrywania spamu. Mo\u017cemy tak\u017ce przekaza\u0107 anonimowy ci\u0105g utworzony z Twojego adresu e-mail (tzw. hash) do us\u0142ugi Gravatar, aby sprawdzi\u0107, czy z niej korzystasz. Polityka prywatno\u015bci Gravatar dost\u0119pna jest tutaj: <a href=\"https:\/\/automattic.com\/privacy\/\" target=\"_new\" rel=\"noopener\">https:\/\/automattic.com\/privacy\/<\/a>. Po zatwierdzeniu Twojego komentarza, Tw\u00f3j obrazek profilowy b\u0119dzie widoczny publicznie w kontek\u015bcie Twojego komentarza.<\/p>\n<h3>Media<\/h3>\n<p>Je\u015bli przesy\u0142asz obrazy na stron\u0119, powiniene\u015b unika\u0107 przesy\u0142ania obraz\u00f3w z osadzonymi danymi lokalizacyjnymi (EXIF GPS). Odwiedzaj\u0105cy stron\u0119 mog\u0105 pobra\u0107 i wyodr\u0119bni\u0107 wszelkie dane lokalizacji z obraz\u00f3w na stronie.<\/p>\n<h3>Ciasteczka<\/h3>\n<p>Je\u015bli zostawisz komentarz na naszej stronie, mo\u017cesz wyrazi\u0107 zgod\u0119 na zapisywanie Twojego imienia, adresu e-mail i strony internetowej w plikach cookies. To dla Twojej wygody, aby\u015b nie musia\u0142 ponownie wype\u0142nia\u0107 swoich danych przy kolejnym komentarzu. Te pliki cookies b\u0119d\u0105 przechowywane przez rok.<br \/>Je\u015bli odwiedzisz nasz\u0105 stron\u0119 logowania, ustawimy tymczasowy plik cookie, aby sprawdzi\u0107, czy Twoja przegl\u0105darka akceptuje cookies. Plik ten nie zawiera \u017cadnych danych osobowych i zostanie usuni\u0119ty po zamkni\u0119ciu przegl\u0105darki.<br \/>Podczas logowania ustawiamy r\u00f3wnie\u017c kilka plik\u00f3w cookie, aby zapisa\u0107 informacje o logowaniu oraz opcjach wy\u015bwietlania ekranu. Pliki cookie logowania s\u0105 przechowywane przez dwa dni, a pliki cookie opcji ekranu przez rok. Je\u015bli wybierzesz opcj\u0119 &#8222;Zapami\u0119taj mnie&#8221;, Twoje logowanie b\u0119dzie trwa\u0142o dwa tygodnie. Po wylogowaniu pliki cookie logowania zostan\u0105 usuni\u0119te.<\/p>\n<h3>Osadzone tre\u015bci z innych witryn<\/h3>\n<p>Artyku\u0142y na tej stronie mog\u0105 zawiera\u0107 osadzone tre\u015bci (np. filmy, obrazy, artyku\u0142y). Osadzone tre\u015bci z innych witryn zachowuj\u0105 si\u0119 dok\u0142adnie tak, jakby u\u017cytkownik odwiedzi\u0142 tamt\u0105 witryn\u0119.<br \/>Te witryny mog\u0105 zbiera\u0107 dane o Tobie, u\u017cywa\u0107 plik\u00f3w cookies, osadza\u0107 dodatkowe zewn\u0119trzne \u015bledzenie oraz monitorowa\u0107 Twoj\u0105 interakcj\u0119 z tymi osadzonymi tre\u015bciami, w tym \u015bledzi\u0107 Twoj\u0105 interakcj\u0119 z osadzonymi tre\u015bciami, je\u015bli masz konto i jeste\u015b zalogowany na tamtej witrynie.<\/p>\n<h3>Z kim dzielimy si\u0119 Twoimi danymi<\/h3>\n<p>Je\u015bli za\u017c\u0105dasz resetu has\u0142a, Tw\u00f3j adres IP zostanie do\u0142\u0105czony do wiadomo\u015bci resetuj\u0105cej has\u0142o.<\/p>\n<h3>Jak d\u0142ugo przechowujemy Twoje dane<\/h3>\n<p>Je\u015bli zostawisz komentarz, komentarz i jego metadane s\u0105 przechowywane bezterminowo. Dzi\u0119ki temu mo\u017cemy automatycznie rozpozna\u0107 i zatwierdzi\u0107 kolejne komentarze, zamiast trzyma\u0107 je w kolejce moderacyjnej.<br \/>Dla u\u017cytkownik\u00f3w, kt\u00f3rzy rejestruj\u0105 si\u0119 na naszej stronie (je\u015bli tacy s\u0105), przechowujemy tak\u017ce dane osobowe, kt\u00f3re podaj\u0105 w swoim profilu u\u017cytkownika. Wszyscy u\u017cytkownicy mog\u0105 w dowolnym momencie zobaczy\u0107, edytowa\u0107 lub usun\u0105\u0107 swoje dane osobowe (z wyj\u0105tkiem zmiany nazwy u\u017cytkownika). Administratorzy strony mog\u0105 r\u00f3wnie\u017c przegl\u0105da\u0107 i edytowa\u0107 te informacje.<\/p>\n<h3>Jakie masz prawa do swoich danych<\/h3>\n<p>Je\u015bli masz konto na tej stronie lub zostawi\u0142e\u015b komentarze, mo\u017cesz poprosi\u0107 o plik eksportu danych osobowych, kt\u00f3re przechowujemy, w tym wszelkie dane, kt\u00f3re nam dostarczy\u0142e\u015b. Mo\u017cesz tak\u017ce za\u017c\u0105da\u0107 usuni\u0119cia wszelkich danych osobowych, kt\u00f3re przechowujemy. Nie obejmuje to \u017cadnych danych, kt\u00f3re jeste\u015bmy zobowi\u0105zani zachowa\u0107 ze wzgl\u0119d\u00f3w administracyjnych, prawnych lub bezpiecze\u0144stwa.<\/p>\n<h3>Gdzie wysy\u0142amy Twoje dane<\/h3>\n<p>Komentarze go\u015bci mog\u0105 by\u0107 sprawdzane za pomoc\u0105 automatycznej us\u0142ugi wykrywania spamu.<\/p>\n<hr \/>\n<p>To jest przyk\u0142ad Polityki Prywatno\u015bci, kt\u00f3ry mo\u017cna dostosowa\u0107 do w\u0142asnej witryny. Zawsze nale\u017cy sprawdzi\u0107 zgodno\u015b\u0107 z lokalnymi przepisami prawnymi, w tym z RODO (GDPR) w Unii Europejskiej.<\/p>\t\t\t\t\t\t\t\t<\/div>\n\t\t\t\t<\/div>\n\t\t\t\t\t<\/div>\n\t\t\t\t<\/div>\n\t\t\t\t<\/div>\n\t\t","protected":false},"excerpt":{"rendered":"<p>Polityka Prywatno\u015bci Kim jeste\u015bmy Adres naszej strony to: https:\/\/www.elfik.radom.pl. Komentarze Kiedy odwiedzaj\u0105cy zostawiaj\u0105 komentarze na stronie, zbieramy dane pokazane w formularzu komentarza, a tak\u017ce adres IP i ci\u0105g identyfikacyjny przegl\u0105darki w celu wykrywania spamu. Mo\u017cemy tak\u017ce przekaza\u0107 anonimowy ci\u0105g utworzony z Twojego adresu e-mail (tzw. hash) do us\u0142ugi Gravatar, aby sprawdzi\u0107, czy z niej korzystasz. [&hellip;]<\/p>\n","protected":false},"author":1,"featured_media":4740,"parent":0,"menu_order":0,"comment_status":"closed","ping_status":"closed","template":"templates\/full-width.php","meta":{"footnotes":""},"class_list":["post-3","page","type-page","status-publish","has-post-thumbnail","hentry"],"_links":{"self":[{"href":"https:\/\/www.elfik.radom.pl\/index.php?rest_route=\/wp\/v2\/pages\/3","targetHints":{"allow":["GET"]}}],"collection":[{"href":"https:\/\/www.elfik.radom.pl\/index.php?rest_route=\/wp\/v2\/pages"}],"about":[{"href":"https:\/\/www.elfik.radom.pl\/index.php?rest_route=\/wp\/v2\/types\/page"}],"author":[{"embeddable":true,"href":"https:\/\/www.elfik.radom.pl\/index.php?rest_route=\/wp\/v2\/users\/1"}],"replies":[{"embeddable":true,"href":"https:\/\/www.elfik.radom.pl\/index.php?rest_route=%2Fwp%2Fv2%2Fcomments&post=3"}],"version-history":[{"count":4,"href":"https:\/\/www.elfik.radom.pl\/index.php?rest_route=\/wp\/v2\/pages\/3\/revisions"}],"predecessor-version":[{"id":4891,"href":"https:\/\/www.elfik.radom.pl\/index.php?rest_route=\/wp\/v2\/pages\/3\/revisions\/4891"}],"wp:featuredmedia":[{"embeddable":true,"href":"https:\/\/www.elfik.radom.pl\/index.php?rest_route=\/wp\/v2\/media\/4740"}],"wp:attachment":[{"href":"https:\/\/www.elfik.radom.pl\/index.php?rest_route=%2Fwp%2Fv2%2Fmedia&parent=3"}],"curies":[{"name":"wp","href":"https:\/\/api.w.org\/{rel}","templated":true}]}}